{"id":49,"date":"2023-02-01T22:35:44","date_gmt":"2023-02-01T20:35:44","guid":{"rendered":"https:\/\/jessica-doula.fr\/?page_id=49"},"modified":"2024-01-16T20:44:54","modified_gmt":"2024-01-16T19:44:54","slug":"tarifs","status":"publish","type":"page","link":"https:\/\/jessica-doula.fr\/?page_id=49","title":{"rendered":"Tarifs"},"content":{"rendered":"\n<figure class=\"wp-block-image size-full\"><img loading=\"lazy\" decoding=\"async\" width=\"385\" height=\"229\" src=\"https:\/\/jessica-doula.fr\/wp-content\/uploads\/2023\/04\/1-2.png\" alt=\"\" class=\"wp-image-85\" srcset=\"https:\/\/jessica-doula.fr\/wp-content\/uploads\/2023\/04\/1-2.png 385w, https:\/\/jessica-doula.fr\/wp-content\/uploads\/2023\/04\/1-2-300x178.png 300w\" sizes=\"(max-width: 385px) 100vw, 385px\" \/><\/figure>\n\n\n\n<p><strong><span style=\"text-decoration: underline;\">PENDANT VOTRE GROSSESSE<\/span><\/strong><\/p>\n\n\n\n<ul>\n<li><strong>1<\/strong><sup><strong>er<\/strong><\/sup><strong> entretien (visio ou t\u00e9l\u00e9phone) environ 30 mn&nbsp;:&nbsp;&nbsp;&nbsp;&nbsp;&nbsp;&nbsp;&nbsp;&nbsp;&nbsp;&nbsp;&nbsp;&nbsp;&nbsp;&nbsp;&nbsp;&nbsp;&nbsp;&nbsp;&nbsp;&nbsp;<\/strong><strong>                            &nbsp;&nbsp; OFFERT<\/strong><\/li>\n<\/ul>\n\n\n\n<p><em>Cet entretien ne vous engage en rien, il nous permettra de faire connaissance et de discuter de vos attentes.<\/em><\/p>\n\n\n\n<ul>\n<li><strong>RDV \u00e0 votre domicile&nbsp;:&nbsp;&nbsp;&nbsp;&nbsp;&nbsp;&nbsp;&nbsp; 1h30-2h \u2013 70\u20ac<\/strong><\/li>\n<\/ul>\n\n\n\n<p><strong><em>Les 25 premiers kilom\u00e8tres sont compris dans le prix de la s\u00e9ance.<\/em><\/strong> <\/p>\n\n\n\n<p>Au-del\u00e0, la s\u00e9ance sera major\u00e9e de 15\u20ac<\/p>\n\n\n\n<ul>\n<li><strong>Massage pr\u00e9natal ayurv\u00e9dique&nbsp;d\u2019une dur\u00e9e d\u2019environ 1h&nbsp;:&nbsp;                                   &nbsp;&nbsp; &nbsp;50\u20ac<\/strong><\/li>\n<\/ul>\n\n\n\n<ul>\n<li><strong>FORFAIT 5 RDV\u00a0:<\/strong>                                <strong> 200\u20ac<\/strong><\/li>\n<\/ul>\n\n\n\n<figure class=\"wp-block-image size-full\"><img loading=\"lazy\" decoding=\"async\" width=\"401\" height=\"228\" src=\"https:\/\/jessica-doula.fr\/wp-content\/uploads\/2023\/04\/2-1.png\" alt=\"\" class=\"wp-image-86\" srcset=\"https:\/\/jessica-doula.fr\/wp-content\/uploads\/2023\/04\/2-1.png 401w, https:\/\/jessica-doula.fr\/wp-content\/uploads\/2023\/04\/2-1-300x171.png 300w\" sizes=\"(max-width: 401px) 100vw, 401px\" \/><\/figure>\n\n\n\n<p><strong><u>DURANT VOTRE ACCOUCHEMENT<\/u><\/strong><\/p>\n\n\n\n<ul>\n<li><strong>Pr\u00e9sence \u00e0 l\u2019accouchement (sous r\u00e9serve de la pr\u00e9sence d\u2019une sage-femme)&nbsp;:&nbsp;&nbsp; 200\u20ac<\/strong><\/li>\n\n\n\n<li><strong>Astreinte de 3 semaines autour de votre DPA, \u00e0 convenir avec vous&nbsp;: &nbsp;&nbsp;&nbsp;&nbsp;&nbsp;&nbsp;&nbsp;&nbsp;&nbsp;&nbsp;&nbsp;&nbsp;&nbsp;&nbsp;&nbsp;&nbsp;&nbsp;140\u20ac<\/strong><\/li>\n<\/ul>\n\n\n\n<figure class=\"wp-block-image size-full\"><img loading=\"lazy\" decoding=\"async\" width=\"384\" height=\"231\" src=\"https:\/\/jessica-doula.fr\/wp-content\/uploads\/2023\/04\/3-1.png\" alt=\"\" class=\"wp-image-91\" srcset=\"https:\/\/jessica-doula.fr\/wp-content\/uploads\/2023\/04\/3-1.png 384w, https:\/\/jessica-doula.fr\/wp-content\/uploads\/2023\/04\/3-1-300x180.png 300w\" sizes=\"(max-width: 384px) 100vw, 384px\" \/><\/figure>\n\n\n\n<p><strong><u>DURANT VOTRE POST-PARTUM<\/u><\/strong><\/p>\n\n\n\n<ul>\n<li><strong>Service personnalis\u00e9 selon vos besoins<\/strong>                 <strong>2h &#8211; 70\u20ac<\/strong><\/li>\n<\/ul>\n\n\n\n<p>Ce que je propose&nbsp;durant nos RDV en post-partum<\/p>\n\n\n\n<ul>\n<li>Un temps d\u2019\u00e9coute<\/li>\n\n\n\n<li>Resserrage du bassin \/ massage<\/li>\n\n\n\n<li>Des plats pr\u00e9par\u00e9s sp\u00e9cifiquement pour votre post partum<\/li>\n\n\n\n<li>Aide \u00e0 la mise en route de l\u2019allaitement<\/li>\n\n\n\n<li>Aide pour l\u2019organisation au quotidien (courses, repas, m\u00e9nage, gestion des a\u00een\u00e9s, relais aupr\u00e8s du nouveau-n\u00e9 etc\u2026)<\/li>\n<\/ul>\n\n\n\n<ul>\n<li><strong>FORFAIT 5 RDV\u00a0: 300\u20ac<\/strong><\/li>\n<\/ul>\n","protected":false},"excerpt":{"rendered":"<p>PENDANT VOTRE GROSSESSE Cet entretien ne vous engage en rien, il nous permettra de faire connaissance et de discuter de vos attentes. Les 25 premiers kilom\u00e8tres sont compris dans le prix de la s\u00e9ance. Au-del\u00e0, la s\u00e9ance sera major\u00e9e de 15\u20ac DURANT VOTRE ACCOUCHEMENT DURANT VOTRE POST-PARTUM Ce que je propose&nbsp;durant nos RDV en post-partum<\/p>\n","protected":false},"author":1,"featured_media":0,"parent":0,"menu_order":0,"comment_status":"closed","ping_status":"closed","template":"","meta":{"_monsterinsights_skip_tracking":false,"_monsterinsights_sitenote_active":false,"_monsterinsights_sitenote_note":"","_monsterinsights_sitenote_category":0,"footnotes":""},"aioseo_notices":[],"_links":{"self":[{"href":"https:\/\/jessica-doula.fr\/index.php?rest_route=\/wp\/v2\/pages\/49"}],"collection":[{"href":"https:\/\/jessica-doula.fr\/index.php?rest_route=\/wp\/v2\/pages"}],"about":[{"href":"https:\/\/jessica-doula.fr\/index.php?rest_route=\/wp\/v2\/types\/page"}],"author":[{"embeddable":true,"href":"https:\/\/jessica-doula.fr\/index.php?rest_route=\/wp\/v2\/users\/1"}],"replies":[{"embeddable":true,"href":"https:\/\/jessica-doula.fr\/index.php?rest_route=%2Fwp%2Fv2%2Fcomments&post=49"}],"version-history":[{"count":9,"href":"https:\/\/jessica-doula.fr\/index.php?rest_route=\/wp\/v2\/pages\/49\/revisions"}],"predecessor-version":[{"id":122,"href":"https:\/\/jessica-doula.fr\/index.php?rest_route=\/wp\/v2\/pages\/49\/revisions\/122"}],"wp:attachment":[{"href":"https:\/\/jessica-doula.fr\/index.php?rest_route=%2Fwp%2Fv2%2Fmedia&parent=49"}],"curies":[{"name":"wp","href":"https:\/\/api.w.org\/{rel}","templated":true}]}}